{"id":15204,"date":"2024-08-13T21:07:47","date_gmt":"2024-08-13T19:07:47","guid":{"rendered":"https:\/\/e-safecare.com\/?page_id=15204"},"modified":"2024-08-24T05:54:51","modified_gmt":"2024-08-24T03:54:51","slug":"assurances-voyages","status":"publish","type":"page","link":"https:\/\/e-safecare.com\/fr\/assurances-voyages\/","title":{"rendered":"Assurances Voyages"},"content":{"rendered":"<div data-elementor-type=\"wp-page\" data-elementor-id=\"15204\" class=\"elementor elementor-15204\">\n\t\t\t\t<div class=\"elementor-element elementor-element-351d436 e-grid e-con-full e-con e-parent\" data-id=\"351d436\" data-element_type=\"container\" data-settings=\"{&quot;background_background&quot;:&quot;classic&quot;}\">\n\t\t\t\t<\/div>\n\t\t\t\t<section class=\"elementor-section elementor-top-section elementor-element elementor-element-bbbea5a elementor-section-full_width elementor-section-height-default elementor-section-height-default\" data-id=\"bbbea5a\" data-element_type=\"section\">\n\t\t\t\t\t\t<div class=\"elementor-container elementor-column-gap-default\">\n\t\t\t\t\t<div class=\"elementor-column elementor-col-100 elementor-top-column elementor-element elementor-element-2b62e72\" data-id=\"2b62e72\" data-element_type=\"column\">\n\t\t\t<div class=\"elementor-widget-wrap elementor-element-populated\">\n\t\t\t\t\t\t<div class=\"elementor-element elementor-element-17c4f22 elementor-widget elementor-widget-slider_revolution\" data-id=\"17c4f22\" data-element_type=\"widget\" data-widget_type=\"slider_revolution.default\">\n\t\t\t\t<div class=\"elementor-widget-container\">\n\t\t\t\t\t\n\t\t<div class=\"wp-block-themepunch-revslider\">\n\t\t\t\t<p class=\"rs-p-wp-fix\"><\/p>\n\t\t\t\t<sr7-module data-alias=\"002-11\" data-id=\"5\" id=\"SR7_5_1\" class=\"rs-ov-hidden\" data-version=\"6.7.13\">\n\t\t\t\t\t<sr7-adjuster><\/sr7-adjuster>\n\t\t\t\t\t<sr7-content>\n\t\t\t\t\t\t<sr7-slide id=\"SR7_5_1-21\" data-key=\"21\">\n\t\t\t\t\t\t\t<sr7-bg id=\"SR7_5_1-21-5\" class=\"sr7-layer\"><noscript><img decoding=\"async\" src=\"https:\/\/e-safecare.com\/wp-content\/uploads\/revslider\/slider-1-1\/slider002.jpg\" alt=\"\" title=\"slider002.jpg\"><\/noscript><\/sr7-bg>\n\t\t\t\t\t\t\t<sr7-txt id=\"SR7_5_1-21-3\" class=\"sr7-layer\">COUVERTURE <br \/>\nANNUELLE<br \/>\nPARTOUT DANS LE MONDE<\/sr7-txt>\n\t\t\t\t\t\t<\/sr7-slide>\n\t\t\t\t\t\t<sr7-slide id=\"SR7_5_1-27\" data-key=\"27\">\n\t\t\t\t\t\t<\/sr7-slide>\n\t\t\t\t\t<\/sr7-content>\n\t\t\t\t\t<image_lists style=\"display:none\">\n\t\t\t\t\t\t<img data-src=\"\/\/e-safecare.com\/wp-content\/uploads\/revslider\/slider-1-1\/worldtrips.png\" data-libid=\"14925\" data-lib=\"medialibrary\" title=\"worldtrips.png\" width=\"0\" height=\"0\" data-dbsrc=\"Ly9lLXNhZmVjYXJlLmNvbS93cC1jb250ZW50L3VwbG9hZHMvcmV2c2xpZGVyL3NsaWRlci0xLTEvd29ybGR0cmlwcy5wbmc=\"\/>\n\t\t\t\t\t\t<img data-src=\"\/\/e-safecare.com\/wp-content\/uploads\/revslider\/slider-1-1\/slider002.jpg\" data-libid=\"14924\" data-lib=\"medialibrary\" title=\"slider002.jpg\" width=\"0\" height=\"0\" data-dbsrc=\"Ly9lLXNhZmVjYXJlLmNvbS93cC1jb250ZW50L3VwbG9hZHMvcmV2c2xpZGVyL3NsaWRlci0xLTEvc2xpZGVyMDAyLmpwZw==\"\/>\n\t\t\t\t\t\t<img data-src=\"\/\/e-safecare.com\/wp-content\/uploads\/2020\/05\/rs_home_06_02.jpg\" data-libid=\"5213\" data-lib=\"medialibrary\" title=\"rs_home_06_02\" width=\"0\" height=\"0\" data-dbsrc=\"Ly9lLXNhZmVjYXJlLmNvbS93cC1jb250ZW50L3VwbG9hZHMvMjAyMC8wNS9yc19ob21lXzA2XzAyLmpwZw==\"\/>\n\t\t\t\t\t\t<img loading=\"lazy\" data-src=\"\/\/e-safecare.com\/wp-content\/uploads\/2020\/05\/rs_home_06_03.jpg\" data-libid=\"5212\" data-lib=\"medialibrary\" title=\"rs_home_06_03\" width=\"0\" height=\"0\" data-dbsrc=\"Ly9lLXNhZmVjYXJlLmNvbS93cC1jb250ZW50L3VwbG9hZHMvMjAyMC8wNS9yc19ob21lXzA2XzAzLmpwZw==\"\/>\n\t\t\t\t\t\t<img loading=\"lazy\" data-src=\"\/\/e-safecare.com\/wp-content\/uploads\/revslider\/003-1\/slider001.jpg\" data-libid=\"14922\" data-lib=\"medialibrary\" title=\"slider001.jpg\" width=\"0\" height=\"0\" data-dbsrc=\"Ly9lLXNhZmVjYXJlLmNvbS93cC1jb250ZW50L3VwbG9hZHMvcmV2c2xpZGVyLzAwMy0xL3NsaWRlcjAwMS5qcGc=\"\/>\n\t\t\t\t\t<\/image_lists>\n\t\t\t\t<\/sr7-module>\n\t\t\t\t<script>\n\t\t\t\t\tSR7.PMH ??={}; SR7.PMH[\"SR7_5_1\"] = {cn:0,state:false,fn: function() { if (_tpt!==undefined && _tpt.prepareModuleHeight !== undefined) {  _tpt.prepareModuleHeight({id:\"SR7_5_1\",el:[795,795,665,550,450],type:'standard',shdw:'0',gh:[795,795,665,550,450],gw:[1230,1230,1024,778,480],vpt:['-200px&#039;,&#039;-200px&#039;,&#039;-200px&#039;,&#039;-200px&#039;,&#039;-200px'],size:{fullWidth:true, fullHeight:false},mh:'0',onh:0,onw:0,bg:{color:'{\"type\":\"linear\",\"angle\":\"0\",\"easing\":\"none\",\"strength\":100,\"orig\":[{\"rgba\":\"rgba(61,68,72,1)\",\"p\":0,\"align\":\"top\"},{\"rgba\":\"rgba(61,68,72,1)\",\"p\":1,\"align\":\"bottom\"},{\"rgba\":\"rgba(49,53,56,1)\",\"p\":100,\"align\":\"bottom\"},{\"rgba\":\"rgba(49,53,56,1)\",\"p\":100,\"align\":\"top\"}],\"string\":\"linear-gradient(0deg,rgba(61,68,72,1) 0%,rgba(61,68,72,1) 1%,rgba(49,53,56,1) 100%)\"}'},plType:'3',plColor:'#FFFFFF'});   SR7.PMH[\"SR7_5_1\"].state=true;} else if((SR7.PMH[\"SR7_5_1\"].cn++)<100)\tsetTimeout( SR7.PMH[\"SR7_5_1\"].fn,19);}};SR7.PMH[\"SR7_5_1\" ].fn();\n\t\t\t\t<\/script>\n<\/div>\n\n\t\t\t\t\t\t<\/div>\n\t\t\t\t<\/div>\n\t\t\t\t\t<\/div>\n\t\t<\/div>\n\t\t\t\t\t<\/div>\n\t\t<\/section>\n\t\t\t\t<section class=\"elementor-section elementor-top-section elementor-element elementor-element-78fadc6 elementor-section-full_width elementor-section-height-default elementor-section-height-default\" data-id=\"78fadc6\" data-element_type=\"section\">\n\t\t\t\t\t\t\t<div class=\"elementor-background-overlay\"><\/div>\n\t\t\t\t\t\t\t<div class=\"elementor-container elementor-column-gap-default\">\n\t\t\t\t\t<div class=\"elementor-column elementor-col-100 elementor-top-column elementor-element elementor-element-329baaa\" data-id=\"329baaa\" data-element_type=\"column\">\n\t\t\t<div class=\"elementor-widget-wrap elementor-element-populated\">\n\t\t\t\t\t\t<div class=\"elementor-element elementor-element-a19675d elementor-widget__width-initial elementor-invisible elementor-widget elementor-widget-heading\" data-id=\"a19675d\" data-element_type=\"widget\" data-settings=\"{&quot;_animation&quot;:&quot;gt3-slideup-animation&quot;}\" data-widget_type=\"heading.default\">\n\t\t\t\t<div class=\"elementor-widget-container\">\n\t\t\t\t\t<h2 class=\"elementor-heading-title elementor-size-default\">Ne g\u00e2chez pas vos souvenirs<\/h2>\t\t\t\t<\/div>\n\t\t\t\t<\/div>\n\t\t\t\t<div class=\"elementor-element-custom_font_size elementor-element-custom_line_height_mobile elementor-element-custom_font_family elementor-element-custom_font_weight elementor-element-custom_color elementor-element elementor-element-9abf57f elementor-widget elementor-widget-text-editor\" data-id=\"9abf57f\" data-element_type=\"widget\" data-widget_type=\"text-editor.default\">\n\t\t\t\t<div class=\"elementor-widget-container\">\n\t\t\t\t\t\t\t\t\t<p><span data-metadata=\"&lt;!--(figmeta)eyJmaWxlS2V5IjoibjZxTk5PWGpkUHhUSVk0NFduakpaSCIsInBhc3RlSUQiOjIwMjMwOTgxNDgsImRhdGFUeXBlIjoic2NlbmUifQo=(\/figmeta)--&gt;\"><\/span>Un clic, un an de protection<\/p>\t\t\t\t\t\t\t\t<\/div>\n\t\t\t\t<\/div>\n\t\t\t\t\t<\/div>\n\t\t<\/div>\n\t\t\t\t\t<\/div>\n\t\t<\/section>\n\t\t\t\t<section class=\"elementor-section elementor-top-section elementor-element elementor-element-2612415 elementor-section-content-middle elementor-section-full_width elementor-section-height-default elementor-section-height-default\" data-id=\"2612415\" data-element_type=\"section\" data-settings=\"{&quot;background_background&quot;:&quot;classic&quot;}\">\n\t\t\t\t\t\t\t<div class=\"elementor-background-overlay\"><\/div>\n\t\t\t\t\t\t\t<div class=\"elementor-container elementor-column-gap-custom\">\n\t\t\t\t\t<div class=\"elementor-column elementor-col-50 elementor-top-column elementor-element elementor-element-63b08e2\" data-id=\"63b08e2\" data-element_type=\"column\">\n\t\t\t<div class=\"elementor-widget-wrap elementor-element-populated\">\n\t\t\t\t\t\t<div class=\"elementor-element elementor-element-d8758c1 elementor-widget elementor-widget-image\" data-id=\"d8758c1\" data-element_type=\"widget\" data-widget_type=\"image.default\">\n\t\t\t\t<div class=\"elementor-widget-container\">\n\t\t\t\t\t\t\t\t\t\t\t\t\t\t\t<img loading=\"lazy\" decoding=\"async\" width=\"597\" height=\"597\" src=\"https:\/\/e-safecare.com\/wp-content\/uploads\/2024\/08\/travel.jpg\" class=\"attachment-large size-large wp-image-15046\" alt=\"\" srcset=\"https:\/\/e-safecare.com\/wp-content\/uploads\/2024\/08\/travel.jpg 597w, https:\/\/e-safecare.com\/wp-content\/uploads\/2024\/08\/travel-400x400.jpg 400w, https:\/\/e-safecare.com\/wp-content\/uploads\/2024\/08\/travel-300x300.jpg 300w, https:\/\/e-safecare.com\/wp-content\/uploads\/2024\/08\/travel-150x150.jpg 150w, https:\/\/e-safecare.com\/wp-content\/uploads\/2024\/08\/travel-480x480.jpg 480w\" sizes=\"(max-width: 597px) 100vw, 597px\" title=\"travel\" \/>\t\t\t\t\t\t\t\t\t\t\t\t\t\t\t<\/div>\n\t\t\t\t<\/div>\n\t\t\t\t<section class=\"elementor-section elementor-inner-section elementor-element elementor-element-7e4f6b8 elementor-section-boxed elementor-section-height-default elementor-section-height-default\" data-id=\"7e4f6b8\" data-element_type=\"section\">\n\t\t\t\t\t\t<div class=\"elementor-container elementor-column-gap-default\">\n\t\t\t\t\t<div class=\"elementor-column elementor-col-100 elementor-inner-column elementor-element elementor-element-1f27b3c\" data-id=\"1f27b3c\" data-element_type=\"column\" data-settings=\"{&quot;background_background&quot;:&quot;classic&quot;}\">\n\t\t\t<div class=\"elementor-widget-wrap elementor-element-populated\">\n\t\t\t\t\t\t<div class=\"elementor-element-custom_font_size elementor-element-custom_font_family elementor-element-custom_font_weight elementor-element-custom_color elementor-element elementor-element-06c39de elementor-widget elementor-widget-text-editor\" data-id=\"06c39de\" data-element_type=\"widget\" data-widget_type=\"text-editor.default\">\n\t\t\t\t<div class=\"elementor-widget-container\">\n\t\t\t\t\t\t\t\t\t<p>Monde entier de $50K \u00e0 $2M<\/p>\t\t\t\t\t\t\t\t<\/div>\n\t\t\t\t<\/div>\n\t\t\t\t<div class=\"elementor-element elementor-element-bccc994 gt3_custom_pricebox_style elementor-widget-mobile__width-initial elementor-widget elementor-widget-gt3-core-pricebox\" data-id=\"bccc994\" data-element_type=\"widget\" data-widget_type=\"gt3-core-pricebox.default\">\n\t\t\t\t<div class=\"elementor-widget-container\">\n\t\t\t\t\t<div class=\"gt3_pricebox_module_wrapper type4\">\r\n\t<div class=\"gt3_price_item-elementor\">\r\n\t\t<div class=\"gt3_price_item_wrapper-elementor\">\r\n\t\t\t\t\t\t\t\t\t\t\t<div class=\"gt3_item_cost_wrapper\">\r\n\t\t\t\t\t\t\t\t\t<\/div>\r\n\t\t\t\t\t\t\t\t<div class=\"gt3_price_item-cost-elementor\">\r\n\t\t\t\t\tAssurance<span class=\"price_item_suffix-elementor\">par voyage<\/span>\t\t\t\t<\/div>\r\n\t\t\t\t\t\t\t\t<div class=\"gt3_item_cost_wrapper\">\r\n\t\t\t\t\t\t\t\t\t<\/div>\r\n\t\t\t\t\r\n\t\t\t\t\t\t\t\t\t\t<div class=\"gt3_price_item_body-elementor\">\r\n\t\t\t\t<div class=\"items_text-price\"><\/div>\r\n\t\t\t\t\t\t\t<\/div>\r\n\t\t<\/div>\r\n\t<\/div>\r\n<\/div>\r\n\t\t\t\t<\/div>\n\t\t\t\t<\/div>\n\t\t\t\t<div class=\"elementor-element-custom_font_size elementor-element-custom_font_family elementor-element-custom_font_weight elementor-element-custom_color elementor-element elementor-element-487b623 elementor-widget elementor-widget-text-editor\" data-id=\"487b623\" data-element_type=\"widget\" data-widget_type=\"text-editor.default\">\n\t\t\t\t<div class=\"elementor-widget-container\">\n\t\t\t\t\t\t\t\t\t<ul><li>D\u00e9placements professionnels ou tourisme<\/li><li>Maladie et accident<\/li><li>Rapatriement sanitaire<\/li><li>Retard ou interruption de voyage<\/li><li>Perte de bagage<\/li><li>Catastrophes naturelles<\/li><\/ul>\t\t\t\t\t\t\t\t<\/div>\n\t\t\t\t<\/div>\n\t\t\t\t<div class=\"gt3-core-button--alignment_inline elementor-element elementor-element-b978fbe elementor-widget elementor-widget-gt3-core-button\" data-id=\"b978fbe\" data-element_type=\"widget\" data-widget_type=\"gt3-core-button.default\">\n\t\t\t\t<div class=\"elementor-widget-container\">\n\t\t\t\t\t\t<div class=\"gt3_module_button_elementor size_custom alignment_inline button_icon_none hover_none rounded\">\r\n\t\t<a class=\"button_size_elementor_custom alignment_inline border_icon_none hover_none btn_icon_position_left\" href=\"https:\/\/quote.worldtrips.com\/atlastravel\/?referid=23614&#038;language=en-US\" target=\"_blank\">\r\n\t\t\t\t<span class=\"gt3_module_button__container\">\r\n\t\t\t\t\t\t\t\t\t\t\t<span class=\"gt3_module_button__cover front\"><span class=\"elementor_gt3_btn_text\">Obtenir une assurance<\/span><\/span>\r\n\t\t\t\t\t\t\t\t\t\t\t\t\t\t\t<\/span>\r\n\t\t<\/a>\r\n\t<\/div>\r\n\r\n<script type=\"application\/json\" id=\"settings--b978fbe\">[]<\/script>\t\t\t\t<\/div>\n\t\t\t\t<\/div>\n\t\t\t\t\t<\/div>\n\t\t<\/div>\n\t\t\t\t\t<\/div>\n\t\t<\/section>\n\t\t\t\t\t<\/div>\n\t\t<\/div>\n\t\t\t\t<div class=\"elementor-column elementor-col-50 elementor-top-column elementor-element elementor-element-0e61bb8\" data-id=\"0e61bb8\" data-element_type=\"column\">\n\t\t\t<div class=\"elementor-widget-wrap elementor-element-populated\">\n\t\t\t\t\t\t<div class=\"elementor-element elementor-element-51482bb elementor-widget elementor-widget-image\" data-id=\"51482bb\" data-element_type=\"widget\" data-widget_type=\"image.default\">\n\t\t\t\t<div class=\"elementor-widget-container\">\n\t\t\t\t\t\t\t\t\t\t\t\t\t\t\t<img loading=\"lazy\" decoding=\"async\" width=\"597\" height=\"597\" src=\"https:\/\/e-safecare.com\/wp-content\/uploads\/2024\/08\/multitrip.jpg\" class=\"attachment-large size-large wp-image-15045\" alt=\"\" srcset=\"https:\/\/e-safecare.com\/wp-content\/uploads\/2024\/08\/multitrip.jpg 597w, https:\/\/e-safecare.com\/wp-content\/uploads\/2024\/08\/multitrip-400x400.jpg 400w, https:\/\/e-safecare.com\/wp-content\/uploads\/2024\/08\/multitrip-300x300.jpg 300w, https:\/\/e-safecare.com\/wp-content\/uploads\/2024\/08\/multitrip-150x150.jpg 150w, https:\/\/e-safecare.com\/wp-content\/uploads\/2024\/08\/multitrip-480x480.jpg 480w\" sizes=\"(max-width: 597px) 100vw, 597px\" title=\"multitrip\" \/>\t\t\t\t\t\t\t\t\t\t\t\t\t\t\t<\/div>\n\t\t\t\t<\/div>\n\t\t\t\t<section class=\"elementor-section elementor-inner-section elementor-element elementor-element-70b6985 elementor-section-boxed elementor-section-height-default elementor-section-height-default\" data-id=\"70b6985\" data-element_type=\"section\">\n\t\t\t\t\t\t<div class=\"elementor-container elementor-column-gap-default\">\n\t\t\t\t\t<div class=\"elementor-column elementor-col-100 elementor-inner-column elementor-element elementor-element-295496d\" data-id=\"295496d\" data-element_type=\"column\" data-settings=\"{&quot;background_background&quot;:&quot;classic&quot;}\">\n\t\t\t<div class=\"elementor-widget-wrap elementor-element-populated\">\n\t\t\t\t\t\t<div class=\"elementor-element-custom_font_size elementor-element-custom_font_family elementor-element-custom_font_weight elementor-element-custom_color elementor-element elementor-element-c2e4f56 elementor-widget elementor-widget-text-editor\" data-id=\"c2e4f56\" data-element_type=\"widget\" data-widget_type=\"text-editor.default\">\n\t\t\t\t<div class=\"elementor-widget-container\">\n\t\t\t\t\t\t\t\t\t<p><span>Monde entier &#8211; $1M<br \/><\/span><\/p>\t\t\t\t\t\t\t\t<\/div>\n\t\t\t\t<\/div>\n\t\t\t\t<div class=\"elementor-element elementor-element-7f7cef2 gt3_custom_pricebox_style elementor-widget elementor-widget-gt3-core-pricebox\" data-id=\"7f7cef2\" data-element_type=\"widget\" data-widget_type=\"gt3-core-pricebox.default\">\n\t\t\t\t<div class=\"elementor-widget-container\">\n\t\t\t\t\t<div class=\"gt3_pricebox_module_wrapper type4\">\r\n\t<div class=\"gt3_price_item-elementor\">\r\n\t\t<div class=\"gt3_price_item_wrapper-elementor\">\r\n\t\t\t\t\t\t\t\t\t\t\t<div class=\"gt3_item_cost_wrapper\">\r\n\t\t\t\t\t\t\t\t\t<\/div>\r\n\t\t\t\t\t\t\t\t<div class=\"gt3_price_item-cost-elementor\">\r\n\t\t\t\t\tAssurance<span class=\"price_item_suffix-elementor\">annuelle <\/span>\t\t\t\t<\/div>\r\n\t\t\t\t\t\t\t\t<div class=\"gt3_item_cost_wrapper\">\r\n\t\t\t\t\t\t\t\t\t<\/div>\r\n\t\t\t\t\r\n\t\t\t\t\t\t\t\t\t\t<div class=\"gt3_price_item_body-elementor\">\r\n\t\t\t\t<div class=\"items_text-price\"><\/div>\r\n\t\t\t\t\t\t\t<\/div>\r\n\t\t<\/div>\r\n\t<\/div>\r\n<\/div>\r\n\t\t\t\t<\/div>\n\t\t\t\t<\/div>\n\t\t\t\t<div class=\"elementor-element-custom_font_size elementor-element-custom_font_family elementor-element-custom_font_weight elementor-element-custom_color elementor-element elementor-element-e87960a elementor-widget__width-initial elementor-widget elementor-widget-text-editor\" data-id=\"e87960a\" data-element_type=\"widget\" data-widget_type=\"text-editor.default\">\n\t\t\t\t<div class=\"elementor-widget-container\">\n\t\t\t\t\t\t\t\t\t<ul><li>D\u00e9placements professionnels ou tourismes de moins <br \/>\u00a0 \u00a0 de 30j ou 45j par voyage<\/li><li>Prime annuelle forfaitaire jusqu\u2019\u00e0 75 ans.<\/li><li>Accident Rapatriement sanitaire<\/li><li>Retard ou interruption de voyage<\/li><li>Perte de bagage<\/li><li>Catastrophes naturelles<\/li><\/ul>\t\t\t\t\t\t\t\t<\/div>\n\t\t\t\t<\/div>\n\t\t\t\t<div class=\"gt3-core-button--alignment_left elementor-element elementor-element-6a6fede elementor-widget elementor-widget-gt3-core-button\" data-id=\"6a6fede\" data-element_type=\"widget\" data-widget_type=\"gt3-core-button.default\">\n\t\t\t\t<div class=\"elementor-widget-container\">\n\t\t\t\t\t\t<div class=\"gt3_module_button_elementor size_custom alignment_left button_icon_none hover_none rounded\">\r\n\t\t<a class=\"button_size_elementor_custom alignment_left border_icon_none hover_none btn_icon_position_left\" href=\"https:\/\/e-safecare.com\/wp-content\/uploads\/2024\/08\/D3-MULTITRIP.pdf\" target=\"_blank\">\r\n\t\t\t\t<span class=\"gt3_module_button__container\">\r\n\t\t\t\t\t\t\t\t\t\t\t<span class=\"gt3_module_button__cover front\"><span class=\"elementor_gt3_btn_text\">+ Pour plus d&#039;info<\/span><\/span>\r\n\t\t\t\t\t\t\t\t\t\t\t\t\t\t\t<\/span>\r\n\t\t<\/a>\r\n\t<\/div>\r\n\r\n<script type=\"application\/json\" id=\"settings--6a6fede\">[]<\/script>\t\t\t\t<\/div>\n\t\t\t\t<\/div>\n\t\t\t\t<div class=\"gt3-core-button--alignment_inline elementor-element elementor-element-d7f2e85 elementor-widget elementor-widget-gt3-core-button\" data-id=\"d7f2e85\" data-element_type=\"widget\" data-widget_type=\"gt3-core-button.default\">\n\t\t\t\t<div class=\"elementor-widget-container\">\n\t\t\t\t\t\t<div class=\"gt3_module_button_elementor size_custom alignment_inline button_icon_none hover_none rounded\">\r\n\t\t<a class=\"button_size_elementor_custom alignment_inline border_icon_none hover_none btn_icon_position_left\" href=\"https:\/\/quote.worldtrips.com\/atlasmultitrip\/?referid=23614&#038;language=en-US\" target=\"_blank\">\r\n\t\t\t\t<span class=\"gt3_module_button__container\">\r\n\t\t\t\t\t\t\t\t\t\t\t<span class=\"gt3_module_button__cover front\"><span class=\"elementor_gt3_btn_text\">Obtenir une assurance<\/span><\/span>\r\n\t\t\t\t\t\t\t\t\t\t\t\t\t\t\t<\/span>\r\n\t\t<\/a>\r\n\t<\/div>\r\n\r\n<script type=\"application\/json\" id=\"settings--d7f2e85\">[]<\/script>\t\t\t\t<\/div>\n\t\t\t\t<\/div>\n\t\t\t\t\t<\/div>\n\t\t<\/div>\n\t\t\t\t\t<\/div>\n\t\t<\/section>\n\t\t\t\t\t<\/div>\n\t\t<\/div>\n\t\t\t\t\t<\/div>\n\t\t<\/section>\n\t\t\t\t<\/div>","protected":false},"excerpt":{"rendered":"<p>Ne g\u00e2chez pas vos souvenirs Un clic, un an de protection Monde entier de $50K \u00e0 $2M Assurancepar voyage D\u00e9placements professionnels ou tourisme Maladie et accident Rapatriement sanitaire Retard ou interruption de voyage Perte de bagage Catastrophes naturelles Obtenir une assurance Monde entier &#8211; $1M Assuranceannuelle D\u00e9placements professionnels ou tourismes de moins \u00a0 \u00a0 de [&hellip;]<\/p>","protected":false},"author":1,"featured_media":0,"parent":0,"menu_order":0,"comment_status":"closed","ping_status":"closed","template":"","meta":{"footnotes":""},"class_list":["post-15204","page","type-page","status-publish","hentry"],"_links":{"self":[{"href":"https:\/\/e-safecare.com\/fr\/wp-json\/wp\/v2\/pages\/15204","targetHints":{"allow":["GET"]}}],"collection":[{"href":"https:\/\/e-safecare.com\/fr\/wp-json\/wp\/v2\/pages"}],"about":[{"href":"https:\/\/e-safecare.com\/fr\/wp-json\/wp\/v2\/types\/page"}],"author":[{"embeddable":true,"href":"https:\/\/e-safecare.com\/fr\/wp-json\/wp\/v2\/users\/1"}],"replies":[{"embeddable":true,"href":"https:\/\/e-safecare.com\/fr\/wp-json\/wp\/v2\/comments?post=15204"}],"version-history":[{"count":3,"href":"https:\/\/e-safecare.com\/fr\/wp-json\/wp\/v2\/pages\/15204\/revisions"}],"predecessor-version":[{"id":15276,"href":"https:\/\/e-safecare.com\/fr\/wp-json\/wp\/v2\/pages\/15204\/revisions\/15276"}],"wp:attachment":[{"href":"https:\/\/e-safecare.com\/fr\/wp-json\/wp\/v2\/media?parent=15204"}],"curies":[{"name":"wp","href":"https:\/\/api.w.org\/{rel}","templated":true}]}}